{"id":111,"date":"2024-10-07T11:29:52","date_gmt":"2024-10-07T11:29:52","guid":{"rendered":"https:\/\/earth4all.life\/germany\/?page_id=111"},"modified":"2025-05-05T07:09:08","modified_gmt":"2025-05-05T07:09:08","slug":"material","status":"publish","type":"page","link":"https:\/\/earth4all.life\/germany\/material\/","title":{"rendered":"Material"},"content":{"rendered":"\t\t<div data-elementor-type=\"wp-page\" data-elementor-id=\"111\" class=\"elementor elementor-111\">\n\t\t\t\t<div class=\"elementor-element elementor-element-4114815 e-flex e-con-boxed e-con e-parent\" data-id=\"4114815\" data-element_type=\"container\" data-e-type=\"container\">\n\t\t\t\t\t<div class=\"e-con-inner\">\n\t\t\t\t<div class=\"elementor-element elementor-element-755fa43 elementor-widget elementor-widget-heading\" data-id=\"755fa43\" data-element_type=\"widget\" data-e-type=\"widget\" data-widget_type=\"heading.default\">\n\t\t\t\t<div class=\"elementor-widget-container\">\n\t\t\t\t\t<h2 class=\"elementor-heading-title elementor-size-default\">Material<\/h2>\t\t\t\t<\/div>\n\t\t\t\t<\/div>\n\t\t\t\t\t<\/div>\n\t\t\t\t<\/div>\n\t\t<div class=\"elementor-element elementor-element-e239c0a e-flex e-con-boxed e-con e-parent\" data-id=\"e239c0a\" data-element_type=\"container\" data-e-type=\"container\">\n\t\t\t\t\t<div class=\"e-con-inner\">\n\t\t\t\t<div class=\"elementor-element elementor-element-c636e7c elementor-widget elementor-widget-text-editor\" data-id=\"c636e7c\" data-element_type=\"widget\" data-e-type=\"widget\" data-widget_type=\"text-editor.default\">\n\t\t\t\t<div class=\"elementor-widget-container\">\n\t\t\t\t\t\t\t\t\t<p>Auf dieser Seite werden Sie einen laufend wachsenden Bestand an relevantem Material finden: Vertiefende Dokumente zu den einzelnen Wenden, Foliens\u00e4tze f\u00fcr Ihre Veranstaltungen, Videos und Bildmaterial.<\/p><p>Mit dem Wuppertal Paper <a href=\"https:\/\/epub.wupperinst.org\/frontdoor\/index\/index\/docId\/8751\">&#8220;Die Energiekehrtwende in Earth for All Deutschland&#8221;<\/a> legt Peter Hennicke, Mitglied des Club of Rome und Senior Advisor am Wuppertal Institut, einen <b>Deep Dive speziell zur Energiewende<\/b> vor. Darin betont er besonders die notwendige Kombination der drei S\u00e4ulen Effizienz, Konsistenz und Suffizienz, die f\u00fcr eine nachhaltige Klima- und Energiepolitik essentiell sind.\u00a0<span style=\"color: var( --e-global-color-text ); font-family: var( --e-global-typography-text-font-family ), Sans-serif; font-weight: var( --e-global-typography-text-font-weight ); text-align: var(--text-align); font-size: 1rem;\">Hennicke umrei\u00dft dazu zun\u00e4chst die kontroverse Geschichte der deutschen Energiewende seit den 1980er Jahren. Auf dieser Basis widmet er sich aktuellen und zu erwartenden Interessenkonflikten sowie bestehenden Pfadabh\u00e4ngigkeiten &#8211; etwa der Abh\u00e4ngigkeit des Verkehrssektors von fossilen Energien &#8211; und skizziert Politikma\u00dfnahmen, mit denen sich diese aufl\u00f6sen lassen. Demgegen\u00fcber stellt er ein Szenario des &#8220;Weiter so&#8221;, in dem die dringend ben\u00f6tigte sozial-\u00f6kologische Transformation nicht entschlossen genug vorangetrieben wird, und beschreibt die absehbar gravierenden Folgen f\u00fcr Wirtschaft, Umwelt und Gesellschaft. Anschlie\u00dfend geht Hennicke auf die Finanzierbarkeit und die gesellschaftliche Umsetzbarkeit der gleichzeitigen Durchf\u00fchrung aller sechs Kehrtwenden ein und erl\u00e4utert, was die Wissenschaft tun kann, um die Politik dabei zu unterst\u00fctzen und ihr die daf\u00fcr notwendige breite Wissensbasis zur Verf\u00fcgung zu stellen.<\/span><\/p><p><a href=\"https:\/\/epub.wupperinst.org\/files\/8751\/WP204.pdf\"><span style=\"color: var( --e-global-color-text ); font-family: var( --e-global-typography-text-font-family ), Sans-serif; font-weight: var( --e-global-typography-text-font-weight ); text-align: var(--text-align); font-size: 1rem;\">Hier geht es direkt zum Download.<\/span><\/a><\/p>\t\t\t\t\t\t\t\t<\/div>\n\t\t\t\t<\/div>\n\t\t\t\t\t<\/div>\n\t\t\t\t<\/div>\n\t\t<div class=\"elementor-element elementor-element-11de5bb e-flex e-con-boxed e-con e-parent\" data-id=\"11de5bb\" data-element_type=\"container\" data-e-type=\"container\">\n\t\t\t\t\t<div class=\"e-con-inner\">\n\t\t\t\t<div class=\"elementor-element elementor-element-6a4c1d9 elementor-widget elementor-widget-text-editor\" data-id=\"6a4c1d9\" data-element_type=\"widget\" data-e-type=\"widget\" data-widget_type=\"text-editor.default\">\n\t\t\t\t<div class=\"elementor-widget-container\">\n\t\t\t\t\t\t\t\t\t<p>Die k\u00fcrzeste Version der Ergebnisse von Earth4All gibt es in den &#8220;Kernthesen&#8221;:\u00a0<\/p><p><a style=\"font-family: var( --e-global-typography-text-font-family ), Sans-serif; font-weight: var( --e-global-typography-text-font-weight ); text-align: var(--text-align); background-color: #ffffff; font-size: 1rem;\" href=\"https:\/\/earth4all.life\/germany\/wp-content\/uploads\/2024\/12\/Earth-for-all_Zeit-zum-Handeln_ANSICHT.pdf\"><span style=\"color: var( --e-global-color-text ); font-family: var( --e-global-typography-text-font-family ), Sans-serif; font-weight: var( --e-global-typography-text-font-weight ); text-align: var(--text-align); font-size: 1rem;\">Hier geht es direkt zum Download.<\/span><\/a><\/p>\t\t\t\t\t\t\t\t<\/div>\n\t\t\t\t<\/div>\n\t\t\t\t\t<\/div>\n\t\t\t\t<\/div>\n\t\t\t\t<\/div>\n\t\t","protected":false},"excerpt":{"rendered":"<p>Material Auf dieser Seite werden Sie einen laufend wachsenden Bestand an relevantem Material finden: Vertiefende Dokumente zu den einzelnen Wenden, Foliens\u00e4tze f\u00fcr Ihre Veranstaltungen, Videos und Bildmaterial. Mit dem Wuppertal [&hellip;]<\/p>\n","protected":false},"author":2,"featured_media":0,"parent":0,"menu_order":0,"comment_status":"closed","ping_status":"closed","template":"","meta":{"footnotes":""},"class_list":["post-111","page","type-page","status-publish","hentry"],"_links":{"self":[{"href":"https:\/\/earth4all.life\/germany\/wp-json\/wp\/v2\/pages\/111","targetHints":{"allow":["GET"]}}],"collection":[{"href":"https:\/\/earth4all.life\/germany\/wp-json\/wp\/v2\/pages"}],"about":[{"href":"https:\/\/earth4all.life\/germany\/wp-json\/wp\/v2\/types\/page"}],"author":[{"embeddable":true,"href":"https:\/\/earth4all.life\/germany\/wp-json\/wp\/v2\/users\/2"}],"replies":[{"embeddable":true,"href":"https:\/\/earth4all.life\/germany\/wp-json\/wp\/v2\/comments?post=111"}],"version-history":[{"count":10,"href":"https:\/\/earth4all.life\/germany\/wp-json\/wp\/v2\/pages\/111\/revisions"}],"predecessor-version":[{"id":674,"href":"https:\/\/earth4all.life\/germany\/wp-json\/wp\/v2\/pages\/111\/revisions\/674"}],"wp:attachment":[{"href":"https:\/\/earth4all.life\/germany\/wp-json\/wp\/v2\/media?parent=111"}],"curies":[{"name":"wp","href":"https:\/\/api.w.org\/{rel}","templated":true}]}}