{"id":191,"date":"2024-10-10T13:32:14","date_gmt":"2024-10-10T13:32:14","guid":{"rendered":"https:\/\/earth4all.life\/germany\/?page_id=191"},"modified":"2025-05-05T07:00:21","modified_gmt":"2025-05-05T07:00:21","slug":"veranstaltungen","status":"publish","type":"page","link":"https:\/\/earth4all.life\/germany\/veranstaltungen\/","title":{"rendered":"Veranstaltungen"},"content":{"rendered":"\t\t<div data-elementor-type=\"wp-page\" data-elementor-id=\"191\" class=\"elementor elementor-191\">\n\t\t\t\t<div class=\"elementor-element elementor-element-d83549a e-flex e-con-boxed e-con e-parent\" data-id=\"d83549a\" data-element_type=\"container\" data-e-type=\"container\">\n\t\t\t\t\t<div class=\"e-con-inner\">\n\t\t\t\t<div class=\"elementor-element elementor-element-0b038f9 elementor-widget elementor-widget-heading\" data-id=\"0b038f9\" data-element_type=\"widget\" data-e-type=\"widget\" data-widget_type=\"heading.default\">\n\t\t\t\t<div class=\"elementor-widget-container\">\n\t\t\t\t\t<h2 class=\"elementor-heading-title elementor-size-default\">Veranstaltungen<\/h2>\t\t\t\t<\/div>\n\t\t\t\t<\/div>\n\t\t\t\t<div class=\"elementor-element elementor-element-da6b5e1 elementor-widget elementor-widget-text-editor\" data-id=\"da6b5e1\" data-element_type=\"widget\" data-e-type=\"widget\" data-widget_type=\"text-editor.default\">\n\t\t\t\t<div class=\"elementor-widget-container\">\n\t\t\t\t\t\t\t\t\t<p>Sie wollen Teil der breiten gesellschaftlichen Debatte zu den Kehrtwenden und dar\u00fcber hinaus sein? Sie wollen die Autoren kennenlernen, genauer in einzelne Themenbereiche des Buchs einsteigen oder mit anderen Interessierten diskutieren? Wir sammeln hier Lesungen, Diskussionen oder weitere Veranstaltungen rund um das Buch.<\/p><p>Planen Sie selber eine Veranstaltung rund um die Themen von Earth4All oder w\u00fcrden Sie gerne eine bei sich vor Ort planen? Schreiben Sie uns!<\/p>\t\t\t\t\t\t\t\t<\/div>\n\t\t\t\t<\/div>\n\t\t\t\t<div class=\"elementor-element elementor-element-9c99c52 elementor-widget-divider--view-line elementor-widget elementor-widget-divider\" data-id=\"9c99c52\" data-element_type=\"widget\" data-e-type=\"widget\" data-widget_type=\"divider.default\">\n\t\t\t\t<div class=\"elementor-widget-container\">\n\t\t\t\t\t\t\t<div class=\"elementor-divider\">\n\t\t\t<span class=\"elementor-divider-separator\">\n\t\t\t\t\t\t<\/span>\n\t\t<\/div>\n\t\t\t\t\t\t<\/div>\n\t\t\t\t<\/div>\n\t\t\t\t\t<\/div>\n\t\t\t\t<\/div>\n\t\t<div class=\"elementor-element elementor-element-323898d e-grid e-con-boxed e-con e-parent\" data-id=\"323898d\" data-element_type=\"container\" data-e-type=\"container\">\n\t\t\t\t\t<div class=\"e-con-inner\">\n\t\t\t\t<div class=\"elementor-element elementor-element-2db3845 elementor-widget elementor-widget-text-editor\" data-id=\"2db3845\" data-element_type=\"widget\" data-e-type=\"widget\" data-widget_type=\"text-editor.default\">\n\t\t\t\t<div class=\"elementor-widget-container\">\n\t\t\t\t\t\t\t\t\t<p><em>24&amp;25 Juni 2025&nbsp;<\/em><\/p>\n<p><strong>Gemeinwohl\u00f6konomie Rheinland Summit<\/strong><\/p>\n<p><span style=\"text-align: var(--text-align);\">DEINspeisesalon, K\u00f6ln-Ehrenfeld<\/span><\/p>\n<p><i>Hans Haake bringt eine Keynote zum Thema &#8220;<\/i><span style=\"text-align: var(--text-align);\"><i>Earth4All meets GW\u00d6: Nachhaltigkeit braucht eine&nbsp;<\/i><\/span><i style=\"color: var( --e-global-color-text ); font-family: var( --e-global-typography-text-font-family ), Sans-serif; font-weight: var( --e-global-typography-text-font-weight ); text-align: var(--text-align); font-size: 1rem;\">transformative Wirtschaft&#8221; ein und diskutiert auf dem Podium mit&nbsp; Politik und Praxis.<\/i><\/p>\n<p><a href=\"https:\/\/germany.econgood.org\/termine\/gwoe-rheinland-summit-2025\/\">zur Veranstaltungsseite<\/a><\/p>\t\t\t\t\t\t\t\t<\/div>\n\t\t\t\t<\/div>\n\t\t\t\t\t<\/div>\n\t\t\t\t<\/div>\n\t\t<div class=\"elementor-element elementor-element-918d726 e-flex e-con-boxed e-con e-parent\" data-id=\"918d726\" data-element_type=\"container\" data-e-type=\"container\">\n\t\t\t\t\t<div class=\"e-con-inner\">\n\t\t\t\t<div class=\"elementor-element elementor-element-15e6fe4 elementor-widget-divider--view-line elementor-widget elementor-widget-divider\" data-id=\"15e6fe4\" data-element_type=\"widget\" data-e-type=\"widget\" data-widget_type=\"divider.default\">\n\t\t\t\t<div class=\"elementor-widget-container\">\n\t\t\t\t\t\t\t<div class=\"elementor-divider\">\n\t\t\t<span class=\"elementor-divider-separator\">\n\t\t\t\t\t\t<\/span>\n\t\t<\/div>\n\t\t\t\t\t\t<\/div>\n\t\t\t\t<\/div>\n\t\t\t\t<div class=\"elementor-element elementor-element-b386252 elementor-widget elementor-widget-heading\" data-id=\"b386252\" data-element_type=\"widget\" data-e-type=\"widget\" data-widget_type=\"heading.default\">\n\t\t\t\t<div class=\"elementor-widget-container\">\n\t\t\t\t\t<h2 class=\"elementor-heading-title elementor-size-default\">Vergangene Veranstaltungen<\/h2>\t\t\t\t<\/div>\n\t\t\t\t<\/div>\n\t\t\t\t\t<\/div>\n\t\t\t\t<\/div>\n\t\t<div class=\"elementor-element elementor-element-bcfa951 e-grid e-con-boxed e-con e-parent\" data-id=\"bcfa951\" data-element_type=\"container\" data-e-type=\"container\">\n\t\t\t\t\t<div class=\"e-con-inner\">\n\t\t\t\t<div class=\"elementor-element elementor-element-ebb1412 elementor-widget elementor-widget-text-editor\" data-id=\"ebb1412\" data-element_type=\"widget\" data-e-type=\"widget\" data-widget_type=\"text-editor.default\">\n\t\t\t\t<div class=\"elementor-widget-container\">\n\t\t\t\t\t\t\t\t\t<p><em>11. April 2025 | 19:30 Uhr<\/em><\/p><p><strong>Earth4All-Symposium | Deutschland hat die Wahl<\/strong><\/p><p>Kath. Gemeindehaus St. Ulrich, Lindachallee 8, Kirchheim unter Teck<\/p><p><em>\u00a0Oliver Wagner, einer der Autoren und Co-Leiter des Forschungsbereichs Energiepolitik am Wuppertal Institut stellt die zentralen Aussagen des Buchs vor. Dabei geht es um f\u00fcnf Wenden in den Bereichen Armut, Ungleichheit, Erm\u00e4chtigung, Ern\u00e4hrung und Energie. Wie sieht ein realistischen Weg f\u00fcr einen Systemwandel aus und welche Rolle spielt dabei die Arbeit in den Kommunen. In einem anschlie\u00dfenden Podiumsgespr\u00e4che diskutiert Oliver Wagner was die Ergebnisse des Buches f\u00fcr die nachhaltige Entwicklung in Kirchheim unter Teck bedeuten. Als Gespr\u00e4chspartner sind dabei OB Dr. Pascal Bader, Elisa Kerner-Bertoldi &#8211; Leiterin des Diakonieladens und Alexander Fee\u00df, Gesch\u00e4ftsf\u00fchrer der Heinrich Fee\u00df GmbH &amp; Co KG<\/em><\/p><p><a href=\"https:\/\/www.kirchheim-teck.de\/de\/Stadt-Rathaus\/Aktuelles\/Veranstaltungen\/Veranstaltung?view=publish&amp;item=eventDate&amp;id=15124\">zur Veranstaltungsseite<\/a><\/p>\t\t\t\t\t\t\t\t<\/div>\n\t\t\t\t<\/div>\n\t\t\t\t<div class=\"elementor-element elementor-element-622bd4f elementor-widget elementor-widget-text-editor\" data-id=\"622bd4f\" data-element_type=\"widget\" data-e-type=\"widget\" data-widget_type=\"text-editor.default\">\n\t\t\t\t<div class=\"elementor-widget-container\">\n\t\t\t\t\t\t\t\t\t<p><em>30. April 2025 | 19:30 Uhr<\/em><\/p><p><strong>Arbeitnehmenden-Empfang des Oberb\u00fcrgermeisters<\/strong><\/p><p>Solingen<\/p><p><em>\u00a0Oliver Wagne und Jacqueline Klingen stellen das Buch vor. Informationen folgen.<\/em><\/p><p>zur Veranstaltungsseite<\/p>\t\t\t\t\t\t\t\t<\/div>\n\t\t\t\t<\/div>\n\t\t\t\t<div class=\"elementor-element elementor-element-b19a1f3 elementor-widget elementor-widget-text-editor\" data-id=\"b19a1f3\" data-element_type=\"widget\" data-e-type=\"widget\" data-widget_type=\"text-editor.default\">\n\t\t\t\t<div class=\"elementor-widget-container\">\n\t\t\t\t\t\t\t\t\t<p><em>3. April 2025 | 15:30 Uhr<\/em><\/p><p><strong>Earth For All Salon D\u00fcsseldorf<\/strong><\/p><p>CAESAR+CLEO GmbH, K\u00f6nigsberger Str. 100, 40231 D\u00fcsseldorf<\/p><p>CAESAR+CLEO l\u00e4dt gemeinsam mit BAUM am 3.4 zum &gt;Earth For All Salon&lt; in Pr\u00e4senz in unsere R\u00e4ume in D\u00fcsseldorf ein. Der neue Bericht des Club of Rome &gt;Earth for All &#8211; Deutschland&lt; zeigt, dass eine nachhaltige, gerechte und lebenswerte Zukunft noch m\u00f6glich ist. Wir haben es in der Hand.<br \/>Freuen Sie sich auf die Vorstellung der Autor*innen Peter Hennicke, Wuppertal Institut und Mitglied des Club of Rome, Monika Dittrich, Leiterin Forschungsbereich Zirkul\u00e4re Systeme am Wuppertal Institut und Till Kellerhoff, Programmdirektor beim Club of Rome.<br \/>Durch die Veranstaltung f\u00fchren Sie Yvonne Zwick, Vorsitzende von BAUM, Jacob Radloff, oekom Verlag und Simone Rosenberg von CAESAR+CLEO GmbH.<br \/>Diskutieren mit uns gemeinsam \u00fcber die Inhalte von Earth for All Deutschland und die m\u00f6gliche Umsetzung durch motivierte Akteure !<\/p><p>Bitte melden Sie sich verbindlich unter dem hinterlegten Veranstaltungslink an.\u00a0<\/p><p><a href=\"https:\/\/caesarundcleo.de\/magazin\/earth-for-all-salon-deutschland\">zur Veranstaltungsseite<\/a><\/p>\t\t\t\t\t\t\t\t<\/div>\n\t\t\t\t<\/div>\n\t\t\t\t<div class=\"elementor-element elementor-element-0ac53f2 elementor-widget elementor-widget-text-editor\" data-id=\"0ac53f2\" data-element_type=\"widget\" data-e-type=\"widget\" data-widget_type=\"text-editor.default\">\n\t\t\t\t<div class=\"elementor-widget-container\">\n\t\t\t\t\t\t\t\t\t<p><em>05. Februar 2025 | 16:00 Uhr<\/em><\/p><p><strong>Earth4All-Symposium | Deutschland hat die Wahl<\/strong><\/p><p>Hermannstra\u00dfe 90, 12051 Berlin<\/p><p>Auf dem Earth4All-Symposium kommen politische Entscheidungstr\u00e4ger*innen, f\u00fchrende Wissenschaftler*innen aus verschiedenen Disziplinen und Vertreter*innen der Zivilgesellschaft zusammen, um die von Earth4All gesetzten Impulse in den Bereichen Armut, Ungleichheit, Empowerment, Ern\u00e4hrung, Energie und Kreislaufwirtschaft mit Blick auf die Bundestagswahl zu diskutieren.<\/p><p>Das Symposium richtet sich an Fachleute aus Wissenschaft und Politik sowie an eine interessierte \u00d6ffentlichkeit. Anmeldung notwendig.<\/p><p><a href=\"https:\/\/earth4all.life\/germany\/earth4all-symposium\/\">zur Veranstaltungsseite<\/a><\/p>\t\t\t\t\t\t\t\t<\/div>\n\t\t\t\t<\/div>\n\t\t\t\t<div class=\"elementor-element elementor-element-88b1234 elementor-widget elementor-widget-text-editor\" data-id=\"88b1234\" data-element_type=\"widget\" data-e-type=\"widget\" data-widget_type=\"text-editor.default\">\n\t\t\t\t<div class=\"elementor-widget-container\">\n\t\t\t\t\t\t\t\t\t<p><em>29. M\u00e4rz 2025 | 19:00 Uhr<\/em><\/p><p><span style=\"text-align: var(--text-align);\"><b>Den Club of Rome fragen \u2026 Wie schaffen wir eine klimagerechte Zukunft?<\/b><\/span><\/p><p><span style=\"color: var( --e-global-color-text ); font-family: var( --e-global-typography-text-font-family ), Sans-serif; font-weight: var( --e-global-typography-text-font-weight ); text-align: var(--text-align); font-size: 1rem;\">Westbad\u00a0<\/span><span style=\"text-align: var(--text-align);\">, Odermannstra\u00dfe 15, 04177 Leipzig<\/span><\/p><p><em>\u00a0<\/em><span style=\"text-align: var(--text-align);\"><i>Wie gestalten wir eine gerechte und nachhaltige Zukunft f\u00fcr alle? Welche Transformationen sind notwendig, um die Klimakrise zu bew\u00e4ltigen? Diese Fragen diskutiert die Journalistin Antonie Rietzschel mit vier renommierten Autor:innen und Expert:innen, um gemeinsam nach L\u00f6sungsans\u00e4tzen zu suchen.<\/i><\/span><\/p><p><i>Mit dabei sind: Oliver Wagner, Co-Autor von \u201eEarth for All Deutschland\u201c, Peter Hennicke, Verfasser von \u201eKlimaGerecht\u201c und Vertreter des \u201eClub of Rome\u201c , Kathrin Hartmann, Autorin des kritischen Werks \u201e\u00d6l ins Feuer\u201c, und Claudia Kemfert, Energieexpertin und Herausgeberin des Sammelbandes \u201eUnlearn CO2\u201c.<\/i><\/p><p><a href=\"https:\/\/klimabuchmesse.de\/29_1900_club_of_rome\/\">zur Veranstaltungsseite<\/a><\/p>\t\t\t\t\t\t\t\t<\/div>\n\t\t\t\t<\/div>\n\t\t\t\t<div class=\"elementor-element elementor-element-9c61002 elementor-widget elementor-widget-text-editor\" data-id=\"9c61002\" data-element_type=\"widget\" data-e-type=\"widget\" data-widget_type=\"text-editor.default\">\n\t\t\t\t<div class=\"elementor-widget-container\">\n\t\t\t\t\t\t\t\t\t<p><em>18. M\u00e4rz 2025 | 19:00 Uhr<\/em><\/p><p><strong>Buchvorstellung \u201eEarth For All Deutschland\u201c in Neukirchen-<span class=\"il\">Vluyn<\/span><\/strong><\/p><p>Ort: Freie evangelische Gemeinde NV, Hartfeldstra\u00dfe 46, Neukirchen-Vluyn<\/p><p><em>\u201eAufbruch in eine gute Zukunft f\u00fcr alle\u201c dieser Perspektive wird in dem aktuellen Buch des Club of Rome und des Wuppertal Instituts &#8220;Earth for All Deutschland \u2013 Aufbruch in eine Zukunft f\u00fcr Alle&#8221; nachgegangen. In diesem Werk pr\u00e4sentieren die Autor*innen Vorschl\u00e4ge, wie Umweltkrisen \u00fcberwunden und gleichzeitig Demokratie und Wohlstand gesichert werden k\u00f6nnen. Oliver Wagner stellt das Buch vor. Die Arbeitsgemeinschaft der christlichen Kirchen in NV l\u00e4dt im Rahmen der Fastenaktion 2025 \u201eKlimaschutz und Gerechtigkeit\u201c zu dieser Veranstaltung ein. Kooperationspartner sind die Stadt Neukirchen-Vluyn und die Stadtb\u00fccherei NV.<\/em><\/p><p><a href=\"https:\/\/www.ev-kgm-vluyn.de\/aktuelles\/183-buchvorstellung-earth-for-all.html\">zur Veranstaltungsseite<\/a><\/p>\t\t\t\t\t\t\t\t<\/div>\n\t\t\t\t<\/div>\n\t\t\t\t<div class=\"elementor-element elementor-element-9b64b87 elementor-widget elementor-widget-text-editor\" data-id=\"9b64b87\" data-element_type=\"widget\" data-e-type=\"widget\" data-widget_type=\"text-editor.default\">\n\t\t\t\t<div class=\"elementor-widget-container\">\n\t\t\t\t\t\t\t\t\t<p>14. Januar 2025 |18:00 Uhr<\/p><p><strong>Ringvorlesung Klimakrise &amp; Nachhaltigkeit Vol. 7<\/strong><\/p><p>Aula des Wuppertal Instituts, Wuppertal<\/p><p>Das Zentrum f\u00fcr Transformationsforschung und Nachhaltigkeit (transzent), der Allgemeine Studierendenausschuss (AStA) und die Students for Future an der Bergischen Universit\u00e4t Wuppertal laden zur Ringvorlesung ein.<\/p><p>An diesem Termin berichten zu &#8220;Earth for All Deutschland \u2013 Ganzheitliche Ans\u00e4tze f\u00fcr Klimaschutz und Nachhaltigkeit&#8221; die Autoren: Peter Hennicke und\u00a0 Jacqueline Klingen.<\/p><p><a href=\"https:\/\/transzent.uni-wuppertal.de\/de\/lehre\/ringvorlesung-klimakrise-nachhaltigkeit\/\">zur Veranstaltungsseite<\/a><\/p>\t\t\t\t\t\t\t\t<\/div>\n\t\t\t\t<\/div>\n\t\t\t\t<div class=\"elementor-element elementor-element-0a5998c elementor-widget elementor-widget-text-editor\" data-id=\"0a5998c\" data-element_type=\"widget\" data-e-type=\"widget\" data-widget_type=\"text-editor.default\">\n\t\t\t\t<div class=\"elementor-widget-container\">\n\t\t\t\t\t\t\t\t\t<p><em>10. Januar 2025 | 18:00 Uhr<\/em><\/p><p><strong>Earth4All-Deutschland |\u00a0<\/strong><span style=\"text-align: var(--text-align);\"><b>Vortrag mit Diskussion in Solingen<\/b><\/span><\/p><p>Gr\u00fcnder- und Technologiezentrum (GuT), Gr\u00fcnewalder Str. 29-31, Pliestersaal I, Solingen<\/p><p><span style=\"text-align: var(--text-align);\">Wie ist der Kampf gegen den Klimawandel zu gewinnen? Vortrag von und zur Diskussion mit dem Mitautor Oliver Wagner vom Wuppertal Institut f\u00fcr Klima, Umwelt, Energie<\/span><span style=\"color: var( --e-global-color-text ); font-family: var( --e-global-typography-text-font-family ), Sans-serif; font-weight: var( --e-global-typography-text-font-weight ); text-align: var(--text-align); font-size: 1rem;\">.<\/span><\/p><p><a href=\"https:\/\/earth4all.life\/germany\/earth4all-symposium\/\">zur Veranstaltungsseite<\/a><\/p>\t\t\t\t\t\t\t\t<\/div>\n\t\t\t\t<\/div>\n\t\t\t\t<div class=\"elementor-element elementor-element-c69b056 elementor-widget elementor-widget-text-editor\" data-id=\"c69b056\" data-element_type=\"widget\" data-e-type=\"widget\" data-widget_type=\"text-editor.default\">\n\t\t\t\t<div class=\"elementor-widget-container\">\n\t\t\t\t\t\t\t\t\t<p><em>13. Dezember 2024 | 20:00 Uhr<\/em><\/p><p><strong>Earth4All | Buchvorstellung bei Wuppertal Buchhandlung Laurenz &amp; Luise<\/strong><\/p><p>Laurentiusstra\u00dfe 12 in 42103 Wuppertal<\/p><p><span style=\"color: var( --e-global-color-text ); font-family: var( --e-global-typography-text-font-family ), Sans-serif; font-weight: var( --e-global-typography-text-font-weight ); text-align: var(--text-align); font-size: 1rem;\">Oliver Wagner stellt in der Buchhandlung Laurenz &amp; Luise das Buch vor und beantworten Fragen. Er ist Co-Leiter des Forschungsbereichs Energiepolitik und einer der Hauptautoren. Im Anschluss besteht die M\u00f6glichkeit, Fragen zu stellen; zudem wird ein kleiner Imbiss gereicht.\u00a0Der Eintritt ist kostenfrei. UAwg: Laurentiusstra\u00dfe 12 in 42103 Wuppertal; Tel: +49 202 87002907.<\/span><\/p><p><a href=\"https:\/\/wupperinst.org\/a\/wi\/a\/s\/ad\/8770\">zur Veranstaltungsseite<\/a><\/p>\t\t\t\t\t\t\t\t<\/div>\n\t\t\t\t<\/div>\n\t\t\t\t<div class=\"elementor-element elementor-element-759ad6f elementor-widget elementor-widget-text-editor\" data-id=\"759ad6f\" data-element_type=\"widget\" data-e-type=\"widget\" data-widget_type=\"text-editor.default\">\n\t\t\t\t<div class=\"elementor-widget-container\">\n\t\t\t\t\t\t\t\t\t<p><em>3. Dezember 2024 | 19:00 Uhr<\/em><\/p><p><span style=\"text-align: var(--text-align);\"><b>Robert Mayer Lecture: Wie schaffen wir den Aufbruch in eine gute Zukunft f\u00fcr alle?<\/b><\/span><\/p><p>Experimenta in Heilbronn,\u00a0Kubus, e2<\/p><p>Veranstaltungen im Rahmen der Robert Mayer Lecture.\u00a0Oliver Wagner, Co-Leiter des Forschungsbereichs Energiepolitik am Wuppertal Institut und einer der Hauptautoren des Buches Earth for All Deutschland, stellt Ergebnisse des Buches vor und zeigt, warum ein einfaches \u201eWeiter so\u201c an seine nat\u00fcrlichen und sozialen Grenzen st\u00f6\u00dft. Es braucht grundlegende \u00c4nderungen.<\/p><p><a href=\"https:\/\/www.experimenta.science\/besuchen\/veranstaltungskalender\/robert-mayer-lecture-wie-schaffen-wir-den-aufbruch-in-eine-gute-zukunft-fuer-alle\/?termin=1733252400\">zur Veranstaltungsseite<\/a><\/p>\t\t\t\t\t\t\t\t<\/div>\n\t\t\t\t<\/div>\n\t\t\t\t<div class=\"elementor-element elementor-element-a51c112 elementor-widget elementor-widget-text-editor\" data-id=\"a51c112\" data-element_type=\"widget\" data-e-type=\"widget\" data-widget_type=\"text-editor.default\">\n\t\t\t\t<div class=\"elementor-widget-container\">\n\t\t\t\t\t\t\t\t\t<p>13. November 2024 |19: 00 Uhr<\/p><p><strong>Aufbruch in eine Zukunft f\u00fcr Alle<\/strong><br \/><strong>Die neue Studie des Club of Rome &#8220;Earth for All Deutschland&#8221;<\/strong><\/p><p>Evangelische Stadtakademie M\u00fcnchen<\/p><p><strong>Manfred Fischedick, Till Kellerhoff<\/strong> und <strong>Lena Hennes<\/strong> stellen die Studie in M\u00fcnchen gemeinsam vor. Es ist ebenfalls eine online-Teilnahme m\u00f6glich.<\/p><p><a href=\"https:\/\/www.stadtakademie-muenchen.de\/veranstaltung\/aufbruch-in-eine-zukunft-fuer-alle\/\">zur Veranstaltungsseite<\/a><\/p>\t\t\t\t\t\t\t\t<\/div>\n\t\t\t\t<\/div>\n\t\t\t\t<div class=\"elementor-element elementor-element-98b132e elementor-widget elementor-widget-text-editor\" data-id=\"98b132e\" data-element_type=\"widget\" data-e-type=\"widget\" data-widget_type=\"text-editor.default\">\n\t\t\t\t<div class=\"elementor-widget-container\">\n\t\t\t\t\t\t\t\t\t<p>13. November 2024 | 13:00 Uhr<\/p><p><strong>Keynote &#8220;Earth for all Deutschland: Zirkul\u00e4re \u00d6konomie &#8211; so k\u00f6nnte genug f\u00fcr alle da sein&#8221;<\/strong><\/p><p>Thega Forum 2024<\/p><p><b>Monika Dittrich,<\/b> Autorin, stellt Earth4All mit einem Schwerpunkt auf die Kreislaufwirtschaft dar.<\/p><p><a href=\"https:\/\/www.thega.de\/thega-erleben\/thega-forum\/\">zur Veranstaltungsseite<\/a><\/p>\t\t\t\t\t\t\t\t<\/div>\n\t\t\t\t<\/div>\n\t\t\t\t<div class=\"elementor-element elementor-element-f286686 elementor-widget elementor-widget-text-editor\" data-id=\"f286686\" data-element_type=\"widget\" data-e-type=\"widget\" data-widget_type=\"text-editor.default\">\n\t\t\t\t<div class=\"elementor-widget-container\">\n\t\t\t\t\t\t\t\t\t<div class=\"row\"><p class=\"col-12 h4 mb-3\"><em>19. Oktober 2024\u00a0|\u00a010:00 Uhr<\/em><\/p><p class=\"col-12 h2 mb-3\"><strong>Diskussion und Buchvorstellung zu \u00bbEarth for All Deutschland\u00ab auf der Frankfurter Buchmesse<\/strong><\/p><p class=\"col-12 h4 mb-3\">Wie sieht unsere Zukunft aus? Expert*innen des Club of Rome und des Wuppertal Instituts diskutiere<\/p><p class=\"col-12 h4 mb-3\"><span style=\"background-color: transparent; color: var( --e-global-color-text ); font-family: var( --e-global-typography-text-font-family ), Sans-serif; text-align: var(--text-align);\">Podium mit<\/span><b style=\"background-color: transparent; color: var( --e-global-color-text ); font-family: var( --e-global-typography-text-font-family ), Sans-serif; text-align: var(--text-align);\"> Peter Hennicke<\/b><span style=\"background-color: transparent; color: var( --e-global-color-text ); font-family: var( --e-global-typography-text-font-family ), Sans-serif; font-weight: var( --e-global-typography-text-font-weight ); text-align: var(--text-align);\">, ehemaliger Pr\u00e4sident des Wuppertal Instituts, Tr\u00e4ger des deutschen Umweltpreises und Mitglied des Club of Rome, Autor und\u00a0<\/span><b style=\"background-color: transparent; color: var( --e-global-color-text ); font-family: var( --e-global-typography-text-font-family ), Sans-serif; text-align: var(--text-align);\">Lena Hennes<\/b><span style=\"background-color: transparent; color: var( --e-global-color-text ); font-family: var( --e-global-typography-text-font-family ), Sans-serif; font-weight: var( --e-global-typography-text-font-weight ); text-align: var(--text-align);\">, Senior Researcherin am Wuppertal Institut im Forschungsbereich Produkt- und Konsumsysteme, Autorin<\/span><\/p><div class=\"col-12 mb-3 p\"><div class=\"langtext-container\"><div class=\"text-appendix-body p\"><p>Moderation<strong>:\u00a0<\/strong>Maximilian Arnhold<\/p><p><a href=\"https:\/\/connect.buchmesse.de\/newfront\/sessions\/7384\">zur Veranstaltungsseite<\/a><\/p><\/div><\/div><\/div><\/div>\t\t\t\t\t\t\t\t<\/div>\n\t\t\t\t<\/div>\n\t\t\t\t<div class=\"elementor-element elementor-element-4d94c5d elementor-widget elementor-widget-text-editor\" data-id=\"4d94c5d\" data-element_type=\"widget\" data-e-type=\"widget\" data-widget_type=\"text-editor.default\">\n\t\t\t\t<div class=\"elementor-widget-container\">\n\t\t\t\t\t\t\t\t\t<p><em>25. Oktober 2024 | 15:00 Uhr<\/em><\/p><p><strong>Workshop auf der 7. deutschen Klimakonferenz f\u00fcr junge Menschen &#8211; LCOY<\/strong><\/p><p>A Giant Leap: Achieving the SDGs within the\u00a0planetary boundaries in Germany<\/p><p>Interaktiver Workshop mit <span class=\"qu\" tabindex=\"-1\" role=\"gridcell\" translate=\"no\"><span class=\"gD\" data-hovercard-id=\"lbelly@clubofrome.org\" data-hovercard-owner-id=\"45\"><strong>Lena Belly-Le Guilloux<\/strong> (Earth for All) und <strong>Hans Haake<\/strong> (Wuppertal Institut, Autor)<\/span><\/span><\/p><p><a href=\"https:\/\/lcoy.de\/lcoy24\/programm?tab=1&amp;programm=\">zur Veranstaltungsseite<\/a><\/p>\t\t\t\t\t\t\t\t<\/div>\n\t\t\t\t<\/div>\n\t\t\t\t<div class=\"elementor-element elementor-element-8341750 elementor-widget elementor-widget-text-editor\" data-id=\"8341750\" data-element_type=\"widget\" data-e-type=\"widget\" data-widget_type=\"text-editor.default\">\n\t\t\t\t<div class=\"elementor-widget-container\">\n\t\t\t\t\t\t\t\t\t<div class=\"row\"><p class=\"col-12 h4 mb-3\"><em>16. Oktober 2024\u00a0|\u00a018:30 Uhr<\/em><\/p><p class=\"col-12 h2 mb-3\"><strong>Buchvorstellung | Till Kellerhoff mit \u00bbEarth for All Deutschland\u00ab im Haus am Dom in Frankfurt<\/strong><\/p><p class=\"col-12 h4 mb-3\">OPEN BOOKS Das kostenlose Lesefest zur Frankfurter Buchmesse<\/p><\/div><div class=\"row\"><div class=\"col-12 mb-3 p\"><div class=\"langtext-container\"><div class=\"text-appendix-body p\"><div class=\"langtext-container\"><div class=\"text-appendix-body p\"><p>\u00a0<\/p><p><strong>Till Kellerhoff<\/strong>, Programmdirektor des Club of Rome, stellt die Studie im Gespr\u00e4ch mit\u00a0<strong>Maximilian Arnhold<\/strong>\u00a0vor.<\/p><p><strong>Eintritt frei<\/strong><\/p><p><a href=\"https:\/\/www.openbooks-frankfurt.de\/termin\/till-kellerhoff-club-of-rome-earth-for-all-deutschland-aufbruch-in-eine-zukunft-fuer-alle\/\"><b>zur Veranstaltungsseite<\/b><\/a><\/p><\/div><\/div><\/div><\/div><\/div><\/div>\t\t\t\t\t\t\t\t<\/div>\n\t\t\t\t<\/div>\n\t\t\t\t<div class=\"elementor-element elementor-element-40a844f elementor-widget elementor-widget-text-editor\" data-id=\"40a844f\" data-element_type=\"widget\" data-e-type=\"widget\" data-widget_type=\"text-editor.default\">\n\t\t\t\t<div class=\"elementor-widget-container\">\n\t\t\t\t\t\t\t\t\t<p><em>10. Oktober 2024 | 20:00 Uhr<\/em><\/p><p><strong>Das Projekt Earth4all | Erz\u00e4hlungen f\u00fcr unseren Planeten Lukas B\u00e4rfuss trifft Till Kellerhoff, Programmdirektor des Club of Rome, in M\u00fcnchen<\/strong><\/p><p>Erde, Feuer, Wasser, Luft #6<\/p><p>In unserer monatlichen Gespr\u00e4chsreihe zur Zukunft unseres Planeten trifft der Schriftsteller Lukas B\u00e4rfuss diesmal den Staatswissenschaftler und Programmdirektor des Club of Rome Till Kellerhoff.<\/p><p><a href=\"https:\/\/www.muenchner-kammerspiele.de\/de\/programm\/34563-erde-feuer-wasser-luft-6?activity=34564\">zur Veranstaltungsseite<\/a><\/p>\t\t\t\t\t\t\t\t<\/div>\n\t\t\t\t<\/div>\n\t\t\t\t\t<\/div>\n\t\t\t\t<\/div>\n\t\t<div class=\"elementor-element elementor-element-a5fe304 e-flex e-con-boxed e-con e-parent\" data-id=\"a5fe304\" data-element_type=\"container\" data-e-type=\"container\">\n\t\t\t\t\t<div class=\"e-con-inner\">\n\t\t\t\t\t<\/div>\n\t\t\t\t<\/div>\n\t\t\t\t<\/div>\n\t\t","protected":false},"excerpt":{"rendered":"<p>Veranstaltungen Sie wollen Teil der breiten gesellschaftlichen Debatte zu den Kehrtwenden und dar\u00fcber hinaus sein? Sie wollen die Autoren kennenlernen, genauer in einzelne Themenbereiche des Buchs einsteigen oder mit anderen [&hellip;]<\/p>\n","protected":false},"author":2,"featured_media":0,"parent":0,"menu_order":0,"comment_status":"closed","ping_status":"closed","template":"","meta":{"footnotes":""},"class_list":["post-191","page","type-page","status-publish","hentry"],"_links":{"self":[{"href":"https:\/\/earth4all.life\/germany\/wp-json\/wp\/v2\/pages\/191","targetHints":{"allow":["GET"]}}],"collection":[{"href":"https:\/\/earth4all.life\/germany\/wp-json\/wp\/v2\/pages"}],"about":[{"href":"https:\/\/earth4all.life\/germany\/wp-json\/wp\/v2\/types\/page"}],"author":[{"embeddable":true,"href":"https:\/\/earth4all.life\/germany\/wp-json\/wp\/v2\/users\/2"}],"replies":[{"embeddable":true,"href":"https:\/\/earth4all.life\/germany\/wp-json\/wp\/v2\/comments?post=191"}],"version-history":[{"count":82,"href":"https:\/\/earth4all.life\/germany\/wp-json\/wp\/v2\/pages\/191\/revisions"}],"predecessor-version":[{"id":670,"href":"https:\/\/earth4all.life\/germany\/wp-json\/wp\/v2\/pages\/191\/revisions\/670"}],"wp:attachment":[{"href":"https:\/\/earth4all.life\/germany\/wp-json\/wp\/v2\/media?parent=191"}],"curies":[{"name":"wp","href":"https:\/\/api.w.org\/{rel}","templated":true}]}}