{"id":9,"date":"2024-07-03T07:01:57","date_gmt":"2024-07-03T07:01:57","guid":{"rendered":"https:\/\/earth4all.life\/germany\/?page_id=9"},"modified":"2024-10-11T08:37:05","modified_gmt":"2024-10-11T08:37:05","slug":"home","status":"publish","type":"page","link":"https:\/\/earth4all.life\/germany\/","title":{"rendered":"Home"},"content":{"rendered":"\t\t<div data-elementor-type=\"wp-page\" data-elementor-id=\"9\" class=\"elementor elementor-9\">\n\t\t\t\t\t\t<section class=\"elementor-section elementor-top-section elementor-element elementor-element-7183339 elementor-section-boxed elementor-section-height-default elementor-section-height-default\" data-id=\"7183339\" data-element_type=\"section\" data-e-type=\"section\" data-settings=\"{&quot;background_background&quot;:&quot;classic&quot;}\">\n\t\t\t\t\t\t\t<div class=\"elementor-background-overlay\"><\/div>\n\t\t\t\t\t\t\t<div class=\"elementor-container elementor-column-gap-default\">\n\t\t\t\t\t<div class=\"elementor-column elementor-col-50 elementor-top-column elementor-element elementor-element-6d3a9b75\" data-id=\"6d3a9b75\" data-element_type=\"column\" data-e-type=\"column\">\n\t\t\t<div class=\"elementor-widget-wrap elementor-element-populated\">\n\t\t\t\t\t\t<div class=\"elementor-element elementor-element-712db980 elementor-widget elementor-widget-heading\" data-id=\"712db980\" data-element_type=\"widget\" data-e-type=\"widget\" data-widget_type=\"heading.default\">\n\t\t\t\t<div class=\"elementor-widget-container\">\n\t\t\t\t\t<h1 class=\"elementor-heading-title elementor-size-default\">Ein Gutes Leben f\u00fcr alle innerhalb \u00f6kologischer Grenzen ist m\u00f6glich.<\/h1>\t\t\t\t<\/div>\n\t\t\t\t<\/div>\n\t\t\t\t<div class=\"elementor-element elementor-element-19395d18 elementor-widget elementor-widget-heading\" data-id=\"19395d18\" data-element_type=\"widget\" data-e-type=\"widget\" data-widget_type=\"heading.default\">\n\t\t\t\t<div class=\"elementor-widget-container\">\n\t\t\t\t\t<h1 class=\"elementor-heading-title elementor-size-default\">Deutschland kann dazu einen gro\u00dfen Beitrag leisten.\n<\/h1>\t\t\t\t<\/div>\n\t\t\t\t<\/div>\n\t\t\t\t<div class=\"elementor-element elementor-element-43c5719 take-action elementor-widget elementor-widget-button\" data-id=\"43c5719\" data-element_type=\"widget\" data-e-type=\"widget\" data-widget_type=\"button.default\">\n\t\t\t\t<div class=\"elementor-widget-container\">\n\t\t\t\t\t\t\t\t\t<div class=\"elementor-button-wrapper\">\n\t\t\t\t\t<a class=\"elementor-button elementor-button-link elementor-size-lg\" href=\"https:\/\/www.buch7.de\/produkt\/earth-for-all-deutschland-club-of-rome\/1048685436?ean=9783987261114\">\n\t\t\t\t\t\t<span class=\"elementor-button-content-wrapper\">\n\t\t\t\t\t\t\t\t\t<span class=\"elementor-button-text\">Das Buch lesen<\/span>\n\t\t\t\t\t<\/span>\n\t\t\t\t\t<\/a>\n\t\t\t\t<\/div>\n\t\t\t\t\t\t\t\t<\/div>\n\t\t\t\t<\/div>\n\t\t\t\t\t<\/div>\n\t\t<\/div>\n\t\t\t\t<div class=\"elementor-column elementor-col-50 elementor-top-column elementor-element elementor-element-a78f09f\" data-id=\"a78f09f\" data-element_type=\"column\" data-e-type=\"column\">\n\t\t\t<div class=\"elementor-widget-wrap\">\n\t\t\t\t\t\t\t<\/div>\n\t\t<\/div>\n\t\t\t\t\t<\/div>\n\t\t<\/section>\n\t\t<div class=\"elementor-element elementor-element-89801de e-flex e-con-boxed e-con e-parent\" data-id=\"89801de\" data-element_type=\"container\" data-e-type=\"container\" data-settings=\"{&quot;background_background&quot;:&quot;classic&quot;}\">\n\t\t\t\t\t<div class=\"e-con-inner\">\n\t\t<div class=\"elementor-element elementor-element-d6895f8 e-con-full e-flex e-con e-child\" data-id=\"d6895f8\" data-element_type=\"container\" data-e-type=\"container\">\n\t\t<div class=\"elementor-element elementor-element-8729577 e-con-full e-flex e-con e-child\" data-id=\"8729577\" data-element_type=\"container\" data-e-type=\"container\">\n\t\t\t\t<div class=\"elementor-element elementor-element-20a0b9b elementor-widget elementor-widget-heading\" data-id=\"20a0b9b\" data-element_type=\"widget\" data-e-type=\"widget\" data-widget_type=\"heading.default\">\n\t\t\t\t<div class=\"elementor-widget-container\">\n\t\t\t\t\t<h1 class=\"elementor-heading-title elementor-size-default\">Earth4All: Deutschland<\/h1>\t\t\t\t<\/div>\n\t\t\t\t<\/div>\n\t\t\t\t<div class=\"elementor-element elementor-element-c7fac8c elementor-widget elementor-widget-text-editor\" data-id=\"c7fac8c\" data-element_type=\"widget\" data-e-type=\"widget\" data-widget_type=\"text-editor.default\">\n\t\t\t\t<div class=\"elementor-widget-container\">\n\t\t\t\t\t\t\t\t\t<div class=\"row sqs-row\"><div class=\"col sqs-col-9 span-9\"><div id=\"block-yui_3_17_2_1_1650589691701_14883\" class=\"sqs-block html-block sqs-block-html\" data-block-type=\"2\"><div class=\"sqs-block-content\"><p>2022 ist <b>Earth4All<\/b> erschienen, ein Buch, aber noch viel mehr eine Initiative und ein Kollektiv von f\u00fchrenden Wissenschaftlern und Aktivisten, koordiniert vom Club of Rome. Dort wurden zwei Szenarien f\u00fcr die Zukunft entwickelt &#8211; &#8220;too little too late&#8221; und der &#8220;Giant Leap&#8221; und anhand von f\u00fcnf Kehrtwenden gezeigt, was global passieren m\u00fcsste. Nun greifen Wuppertal Institut und Club of Rome, unterst\u00fctzt vom Millenium Institut, die Impulse aus Earth4All auf und er\u00f6ffnen die Debatte \u00fcber den notwendigen deutschen Beitrag zum &#8220;Giant Leap&#8221;.<\/p><\/div><\/div><\/div><\/div>\t\t\t\t\t\t\t\t<\/div>\n\t\t\t\t<\/div>\n\t\t\t\t<div class=\"elementor-element elementor-element-312679a elementor-widget elementor-widget-text-editor\" data-id=\"312679a\" data-element_type=\"widget\" data-e-type=\"widget\" data-widget_type=\"text-editor.default\">\n\t\t\t\t<div class=\"elementor-widget-container\">\n\t\t\t\t\t\t\t\t\t<p><strong>Die Grenzen des Wachstums kommen n\u00e4her, aber wir wissen, wie man innerhalb von ihnen leben kann.<\/strong><\/p>\t\t\t\t\t\t\t\t<\/div>\n\t\t\t\t<\/div>\n\t\t\t\t<\/div>\n\t\t\t\t<\/div>\n\t\t\t\t\t<\/div>\n\t\t\t\t<\/div>\n\t\t<div class=\"elementor-element elementor-element-a5b264f e-grid e-con-boxed e-con e-parent\" data-id=\"a5b264f\" data-element_type=\"container\" data-e-type=\"container\" data-settings=\"{&quot;background_background&quot;:&quot;classic&quot;}\">\n\t\t\t\t\t<div class=\"e-con-inner\">\n\t\t\t\t<div class=\"elementor-element elementor-element-410dcf8 elementor-widget elementor-widget-image\" data-id=\"410dcf8\" data-element_type=\"widget\" data-e-type=\"widget\" data-widget_type=\"image.default\">\n\t\t\t\t<div class=\"elementor-widget-container\">\n\t\t\t\t\t\t\t\t\t\t\t\t\t\t\t<img fetchpriority=\"high\" decoding=\"async\" width=\"667\" height=\"1000\" src=\"https:\/\/earth4all.life\/germany\/wp-content\/uploads\/2024\/10\/719FtomkXVL._AC_UF8941000_QL80_.jpg\" class=\"attachment-medium_large size-medium_large wp-image-218\" alt=\"\" srcset=\"https:\/\/earth4all.life\/germany\/wp-content\/uploads\/2024\/10\/719FtomkXVL._AC_UF8941000_QL80_.jpg 667w, https:\/\/earth4all.life\/germany\/wp-content\/uploads\/2024\/10\/719FtomkXVL._AC_UF8941000_QL80_-200x300.jpg 200w\" sizes=\"(max-width: 667px) 100vw, 667px\" \/>\t\t\t\t\t\t\t\t\t\t\t\t\t\t\t<\/div>\n\t\t\t\t<\/div>\n\t\t\t\t<div class=\"elementor-element elementor-element-0f3c3de elementor-widget elementor-widget-image\" data-id=\"0f3c3de\" data-element_type=\"widget\" data-e-type=\"widget\" data-widget_type=\"image.default\">\n\t\t\t\t<div class=\"elementor-widget-container\">\n\t\t\t\t\t\t\t\t\t\t\t\t\t\t\t<img decoding=\"async\" width=\"580\" height=\"912\" src=\"https:\/\/earth4all.life\/germany\/wp-content\/uploads\/2024\/10\/9783987261114_cmyk.webp\" class=\"attachment-medium_large size-medium_large wp-image-127\" alt=\"\" srcset=\"https:\/\/earth4all.life\/germany\/wp-content\/uploads\/2024\/10\/9783987261114_cmyk.webp 580w, https:\/\/earth4all.life\/germany\/wp-content\/uploads\/2024\/10\/9783987261114_cmyk-191x300.webp 191w\" sizes=\"(max-width: 580px) 100vw, 580px\" \/>\t\t\t\t\t\t\t\t\t\t\t\t\t\t\t<\/div>\n\t\t\t\t<\/div>\n\t\t\t\t\t<\/div>\n\t\t\t\t<\/div>\n\t\t<div class=\"elementor-element elementor-element-33228ed e-flex e-con-boxed e-con e-parent\" data-id=\"33228ed\" data-element_type=\"container\" data-e-type=\"container\" data-settings=\"{&quot;background_background&quot;:&quot;classic&quot;}\">\n\t\t\t\t\t<div class=\"e-con-inner\">\n\t\t\t\t<div class=\"elementor-element elementor-element-a46ca48 elementor-widget elementor-widget-video\" data-id=\"a46ca48\" data-element_type=\"widget\" data-e-type=\"widget\" data-settings=\"{&quot;video_type&quot;:&quot;hosted&quot;,&quot;controls&quot;:&quot;yes&quot;}\" data-widget_type=\"video.default\">\n\t\t\t\t<div class=\"elementor-widget-container\">\n\t\t\t\t\t\t\t<div class=\"e-hosted-video elementor-wrapper elementor-open-inline\">\n\t\t\t\t\t<video class=\"elementor-video\" src=\"https:\/\/earth4all.life\/germany\/wp-content\/uploads\/2024\/10\/E4A_animation_UTde.mov\" controls=\"\" preload=\"metadata\" controlsList=\"nodownload\"><\/video>\n\t\t\t\t<\/div>\n\t\t\t\t\t\t<\/div>\n\t\t\t\t<\/div>\n\t\t\t\t\t<\/div>\n\t\t\t\t<\/div>\n\t\t<div class=\"elementor-element elementor-element-63468f6 e-flex e-con-boxed e-con e-parent\" data-id=\"63468f6\" data-element_type=\"container\" data-e-type=\"container\">\n\t\t\t\t\t<div class=\"e-con-inner\">\n\t\t<div class=\"elementor-element elementor-element-39e00c9 e-con-full e-flex e-con e-child\" data-id=\"39e00c9\" data-element_type=\"container\" data-e-type=\"container\">\n\t\t\t\t<div class=\"elementor-element elementor-element-3e439ac elementor-widget elementor-widget-heading\" data-id=\"3e439ac\" data-element_type=\"widget\" data-e-type=\"widget\" data-widget_type=\"heading.default\">\n\t\t\t\t<div class=\"elementor-widget-container\">\n\t\t\t\t\t<h2 class=\"elementor-heading-title elementor-size-default\">Es gibt zwei m\u00f6gliche Szenarien:<\/h2>\t\t\t\t<\/div>\n\t\t\t\t<\/div>\n\t\t<div class=\"elementor-element elementor-element-9812533 e-con-full e-flex e-con e-child\" data-id=\"9812533\" data-element_type=\"container\" data-e-type=\"container\">\n\t\t<div class=\"elementor-element elementor-element-8cd29c5 e-con-full e-flex e-con e-child\" data-id=\"8cd29c5\" data-element_type=\"container\" data-e-type=\"container\">\n\t\t\t\t<div class=\"elementor-element elementor-element-6f8f9cf elementor-widget elementor-widget-heading\" data-id=\"6f8f9cf\" data-element_type=\"widget\" data-e-type=\"widget\" data-widget_type=\"heading.default\">\n\t\t\t\t<div class=\"elementor-widget-container\">\n\t\t\t\t\t<h2 class=\"elementor-heading-title elementor-size-default\">Zu wenig, zu sp\u00e4t<\/h2>\t\t\t\t<\/div>\n\t\t\t\t<\/div>\n\t\t\t\t<div class=\"elementor-element elementor-element-c64a984 elementor-widget elementor-widget-text-editor\" data-id=\"c64a984\" data-element_type=\"widget\" data-e-type=\"widget\" data-widget_type=\"text-editor.default\">\n\t\t\t\t<div class=\"elementor-widget-container\">\n\t\t\t\t\t\t\t\t\t<div class=\"page\" title=\"Page 5\"><div class=\"section\"><div class=\"layoutArea\"><div class=\"column\"><p>In diesem Szenario wird der derzeit eingeschlagene Weg der wirtschaftlichen Entwicklung, der auf nicht nachhaltigen Produktionsstrukturen und Konsummuster beruht, fortgesetzt. Die Auswertung zeigt, dass ein derartiges \u201eWeiter so\u201c Ungleichheiten versta\u0308rkt und der Klimakrise nicht genug entgegensetzen kann, um ihre dramatischen Folgen zu verhindern.<\/p><\/div><\/div><\/div><\/div>\t\t\t\t\t\t\t\t<\/div>\n\t\t\t\t<\/div>\n\t\t\t\t<\/div>\n\t\t<div class=\"elementor-element elementor-element-aa7ce80 e-con-full e-flex e-con e-child\" data-id=\"aa7ce80\" data-element_type=\"container\" data-e-type=\"container\">\n\t\t\t\t<div class=\"elementor-element elementor-element-d42f957 elementor-widget elementor-widget-heading\" data-id=\"d42f957\" data-element_type=\"widget\" data-e-type=\"widget\" data-widget_type=\"heading.default\">\n\t\t\t\t<div class=\"elementor-widget-container\">\n\t\t\t\t\t<h2 class=\"elementor-heading-title elementor-size-default\">Gro\u00dfer Sprung<\/h2>\t\t\t\t<\/div>\n\t\t\t\t<\/div>\n\t\t\t\t<div class=\"elementor-element elementor-element-d3f0415 elementor-widget elementor-widget-text-editor\" data-id=\"d3f0415\" data-element_type=\"widget\" data-e-type=\"widget\" data-widget_type=\"text-editor.default\">\n\t\t\t\t<div class=\"elementor-widget-container\">\n\t\t\t\t\t\t\t\t\t<div class=\"page\" title=\"Page 5\"><div class=\"section\"><div class=\"layoutArea\"><div class=\"column\"><p>In diesem Szenario treffen Gesellschaft, Politik und Wirtschaft mutige Entscheidungen und ta\u0308tigen Investitionen, die den sozialen Zusammenhalt sta\u0308rken, Vertrauen aufbauen, Armut national wie global verringern, Erna\u0308hrungs- und Energiesysteme nachhaltig umgestalten und ein Wirtschaftssystem etablieren, das das Wohlergehen aller auf einem begrenzten Planeten zum Ziel hat. Earth for All nennt dies eine \u201eWell-Being Society\u201c \u2013 Wohlergehensgesellschaft.<\/p><\/div><\/div><\/div><\/div>\t\t\t\t\t\t\t\t<\/div>\n\t\t\t\t<\/div>\n\t\t\t\t<\/div>\n\t\t\t\t<\/div>\n\t\t<div class=\"elementor-element elementor-element-f82c33f e-con-full elementor-hidden-mobile e-flex e-con e-child\" data-id=\"f82c33f\" data-element_type=\"container\" data-e-type=\"container\">\n\t\t<div class=\"elementor-element elementor-element-a2d55b1 e-con-full e-flex e-con e-child\" data-id=\"a2d55b1\" data-element_type=\"container\" data-e-type=\"container\">\n\t\t\t\t<div class=\"elementor-element elementor-element-3fe958c elementor-widget elementor-widget-image\" data-id=\"3fe958c\" data-element_type=\"widget\" data-e-type=\"widget\" data-widget_type=\"image.default\">\n\t\t\t\t<div class=\"elementor-widget-container\">\n\t\t\t\t\t\t\t\t\t\t\t\t\t\t\t<img decoding=\"async\" width=\"320\" height=\"320\" src=\"https:\/\/earth4all.life\/germany\/wp-content\/uploads\/2024\/07\/scene-8-1.png\" class=\"attachment-large size-large wp-image-15\" alt=\"\" srcset=\"https:\/\/earth4all.life\/germany\/wp-content\/uploads\/2024\/07\/scene-8-1.png 320w, https:\/\/earth4all.life\/germany\/wp-content\/uploads\/2024\/07\/scene-8-1-300x300.png 300w, https:\/\/earth4all.life\/germany\/wp-content\/uploads\/2024\/07\/scene-8-1-150x150.png 150w\" sizes=\"(max-width: 320px) 100vw, 320px\" \/>\t\t\t\t\t\t\t\t\t\t\t\t\t\t\t<\/div>\n\t\t\t\t<\/div>\n\t\t\t\t<\/div>\n\t\t<div class=\"elementor-element elementor-element-021b953 e-con-full e-flex e-con e-child\" data-id=\"021b953\" data-element_type=\"container\" data-e-type=\"container\">\n\t\t\t\t<div class=\"elementor-element elementor-element-dafae7c elementor-widget elementor-widget-image\" data-id=\"dafae7c\" data-element_type=\"widget\" data-e-type=\"widget\" data-widget_type=\"image.default\">\n\t\t\t\t<div class=\"elementor-widget-container\">\n\t\t\t\t\t\t\t\t\t\t\t\t\t\t\t<img loading=\"lazy\" decoding=\"async\" width=\"320\" height=\"320\" src=\"https:\/\/earth4all.life\/germany\/wp-content\/uploads\/2024\/07\/scene-2-8-1.png\" class=\"attachment-large size-large wp-image-16\" alt=\"\" srcset=\"https:\/\/earth4all.life\/germany\/wp-content\/uploads\/2024\/07\/scene-2-8-1.png 320w, https:\/\/earth4all.life\/germany\/wp-content\/uploads\/2024\/07\/scene-2-8-1-300x300.png 300w, https:\/\/earth4all.life\/germany\/wp-content\/uploads\/2024\/07\/scene-2-8-1-150x150.png 150w\" sizes=\"(max-width: 320px) 100vw, 320px\" \/>\t\t\t\t\t\t\t\t\t\t\t\t\t\t\t<\/div>\n\t\t\t\t<\/div>\n\t\t\t\t<\/div>\n\t\t\t\t<\/div>\n\t\t\t\t<\/div>\n\t\t\t\t\t<\/div>\n\t\t\t\t<\/div>\n\t\t\t\t<section class=\"elementor-section elementor-top-section elementor-element elementor-element-498fd6fa elementor-reverse-mobile elementor-section-boxed elementor-section-height-default elementor-section-height-default\" data-id=\"498fd6fa\" data-element_type=\"section\" data-e-type=\"section\" data-settings=\"{&quot;background_background&quot;:&quot;classic&quot;}\">\n\t\t\t\t\t\t<div class=\"elementor-container elementor-column-gap-default\">\n\t\t\t\t\t<div class=\"elementor-column elementor-col-50 elementor-top-column elementor-element elementor-element-2f964d89\" data-id=\"2f964d89\" data-element_type=\"column\" data-e-type=\"column\">\n\t\t\t<div class=\"elementor-widget-wrap elementor-element-populated\">\n\t\t\t\t\t\t<div class=\"elementor-element elementor-element-6b2851f7 elementor-widget elementor-widget-image\" data-id=\"6b2851f7\" data-element_type=\"widget\" data-e-type=\"widget\" data-widget_type=\"image.default\">\n\t\t\t\t<div class=\"elementor-widget-container\">\n\t\t\t\t\t\t\t\t\t\t\t\t\t\t\t<img loading=\"lazy\" decoding=\"async\" width=\"800\" height=\"800\" src=\"https:\/\/earth4all.life\/germany\/wp-content\/uploads\/2024\/10\/Earth4All_Interlinkage-DE-1024x1024.png\" class=\"attachment-large size-large wp-image-271\" alt=\"\" srcset=\"https:\/\/earth4all.life\/germany\/wp-content\/uploads\/2024\/10\/Earth4All_Interlinkage-DE-1024x1024.png 1024w, https:\/\/earth4all.life\/germany\/wp-content\/uploads\/2024\/10\/Earth4All_Interlinkage-DE-300x300.png 300w, https:\/\/earth4all.life\/germany\/wp-content\/uploads\/2024\/10\/Earth4All_Interlinkage-DE-150x150.png 150w, https:\/\/earth4all.life\/germany\/wp-content\/uploads\/2024\/10\/Earth4All_Interlinkage-DE-768x768.png 768w, https:\/\/earth4all.life\/germany\/wp-content\/uploads\/2024\/10\/Earth4All_Interlinkage-DE-1536x1536.png 1536w, https:\/\/earth4all.life\/germany\/wp-content\/uploads\/2024\/10\/Earth4All_Interlinkage-DE-2048x2048.png 2048w\" sizes=\"(max-width: 800px) 100vw, 800px\" \/>\t\t\t\t\t\t\t\t\t\t\t\t\t\t\t<\/div>\n\t\t\t\t<\/div>\n\t\t\t\t\t<\/div>\n\t\t<\/div>\n\t\t\t\t<div class=\"elementor-column elementor-col-50 elementor-top-column elementor-element elementor-element-6f14f687\" data-id=\"6f14f687\" data-element_type=\"column\" data-e-type=\"column\">\n\t\t\t<div class=\"elementor-widget-wrap elementor-element-populated\">\n\t\t\t\t\t\t<div class=\"elementor-element elementor-element-4daa6098 elementor-widget elementor-widget-spacer\" data-id=\"4daa6098\" data-element_type=\"widget\" data-e-type=\"widget\" data-widget_type=\"spacer.default\">\n\t\t\t\t<div class=\"elementor-widget-container\">\n\t\t\t\t\t\t\t<div class=\"elementor-spacer\">\n\t\t\t<div class=\"elementor-spacer-inner\"><\/div>\n\t\t<\/div>\n\t\t\t\t\t\t<\/div>\n\t\t\t\t<\/div>\n\t\t\t\t<div class=\"elementor-element elementor-element-39ab6eaf elementor-widget elementor-widget-heading\" data-id=\"39ab6eaf\" data-element_type=\"widget\" data-e-type=\"widget\" data-widget_type=\"heading.default\">\n\t\t\t\t<div class=\"elementor-widget-container\">\n\t\t\t\t\t<h2 class=\"elementor-heading-title elementor-size-default\">F\u00fcnf Wenden f\u00fcr Deutschland<\/h2>\t\t\t\t<\/div>\n\t\t\t\t<\/div>\n\t\t\t\t<div class=\"elementor-element elementor-element-248e465e elementor-widget elementor-widget-text-editor\" data-id=\"248e465e\" data-element_type=\"widget\" data-e-type=\"widget\" data-widget_type=\"text-editor.default\">\n\t\t\t\t<div class=\"elementor-widget-container\">\n\t\t\t\t\t\t\t\t\t<p><b><span style=\"font-weight: bold;\" data-contrast=\"auto\">Earth4All<\/span><\/b><span data-contrast=\"auto\"> arbeitet mit f\u00fcnf gro\u00dfen Wenden, die wir schaffen m\u00fcssen. Auch f\u00fcr Deutschland und seine Rolle in der Welt sind diese zentral.<\/span><\/p><p>Dabei ist es zentral, die Wenden in ihrer Gesamtheit zu verstehen, damit sie sich gegenseitig st\u00e4rken. Das beinhalten insbesondere das Zusammendenken von \u00f6kologischen und sozialen Fragen.<\/p>\t\t\t\t\t\t\t\t<\/div>\n\t\t\t\t<\/div>\n\t\t\t\t\t<\/div>\n\t\t<\/div>\n\t\t\t\t\t<\/div>\n\t\t<\/section>\n\t\t\t\t<section class=\"elementor-section elementor-top-section elementor-element elementor-element-35ce5b16 elementor-section-boxed elementor-section-height-default elementor-section-height-default\" data-id=\"35ce5b16\" data-element_type=\"section\" data-e-type=\"section\" data-settings=\"{&quot;background_background&quot;:&quot;classic&quot;}\">\n\t\t\t\t\t\t<div class=\"elementor-container elementor-column-gap-default\">\n\t\t\t\t\t<div class=\"elementor-column elementor-col-100 elementor-top-column elementor-element elementor-element-1c816093\" data-id=\"1c816093\" data-element_type=\"column\" data-e-type=\"column\">\n\t\t\t<div class=\"elementor-widget-wrap elementor-element-populated\">\n\t\t\t\t\t\t<div class=\"elementor-element elementor-element-2c3c95bf elementor-widget elementor-widget-heading\" data-id=\"2c3c95bf\" data-element_type=\"widget\" data-e-type=\"widget\" data-widget_type=\"heading.default\">\n\t\t\t\t<div class=\"elementor-widget-container\">\n\t\t\t\t\t<h2 class=\"elementor-heading-title elementor-size-default\">Gemeinsam Handeln<\/h2>\t\t\t\t<\/div>\n\t\t\t\t<\/div>\n\t\t\t\t<div class=\"elementor-element elementor-element-4575fced elementor-widget elementor-widget-text-editor\" data-id=\"4575fced\" data-element_type=\"widget\" data-e-type=\"widget\" data-widget_type=\"text-editor.default\">\n\t\t\t\t<div class=\"elementor-widget-container\">\n\t\t\t\t\t\t\t\t\t<p>Unsere Wirtschaft und Gesellschaft so anzupassen, dass sie f\u00fcr die <strong>Menschen und f\u00fcr den Planeten<\/strong> funktionieren, ist eine gro\u00dfe Herausforderung. Das Buch versteht sich nicht als allumfassende Handlungsanleitung, sondern zeigt mo\u0308gliche Wege fu\u0308r eine sozial-o\u0308kologische Transformation auf, die mit einer breiten gesellschaftlichen Akzeptanz rechnen kann. Es ist eine Einladung zu einem gesellschaftlichen Dialog u\u0308ber die Zukunft Deutschlands.<\/p><p>In diesen Dialog kann sich jeder von uns einbringen, und damit die Stimmen f\u00fcr eine Transformation so laut werden lassen, dass sie geh\u00f6rt werden. Wir alle haben viele Rollen, in denen wir mit anderen ins Gespr\u00e4ch kommen, und an vielen Stellen den &#8220;Giant Leap&#8221; schon greifbar machen k\u00f6nnen. Nicht nur als Konsumenten und W\u00e4hler, sondern auch als Arbeitnehmer und Arbeitgeber, als Investoren und Aktivisten, als Gl\u00e4ubige, Freunde, Nachbarn und Familie.<\/p>\t\t\t\t\t\t\t\t<\/div>\n\t\t\t\t<\/div>\n\t\t\t\t\t<\/div>\n\t\t<\/div>\n\t\t\t\t\t<\/div>\n\t\t<\/section>\n\t\t\t\t<\/div>\n\t\t","protected":false},"excerpt":{"rendered":"<p>Ein Gutes Leben f\u00fcr alle innerhalb \u00f6kologischer Grenzen ist m\u00f6glich. Deutschland kann dazu einen gro\u00dfen Beitrag leisten. Das Buch lesen Earth4All: Deutschland 2022 ist Earth4All erschienen, ein Buch, aber noch [&hellip;]<\/p>\n","protected":false},"author":1,"featured_media":0,"parent":0,"menu_order":0,"comment_status":"closed","ping_status":"closed","template":"elementor_header_footer","meta":{"footnotes":""},"class_list":["post-9","page","type-page","status-publish","hentry"],"_links":{"self":[{"href":"https:\/\/earth4all.life\/germany\/wp-json\/wp\/v2\/pages\/9","targetHints":{"allow":["GET"]}}],"collection":[{"href":"https:\/\/earth4all.life\/germany\/wp-json\/wp\/v2\/pages"}],"about":[{"href":"https:\/\/earth4all.life\/germany\/wp-json\/wp\/v2\/types\/page"}],"author":[{"embeddable":true,"href":"https:\/\/earth4all.life\/germany\/wp-json\/wp\/v2\/users\/1"}],"replies":[{"embeddable":true,"href":"https:\/\/earth4all.life\/germany\/wp-json\/wp\/v2\/comments?post=9"}],"version-history":[{"count":44,"href":"https:\/\/earth4all.life\/germany\/wp-json\/wp\/v2\/pages\/9\/revisions"}],"predecessor-version":[{"id":275,"href":"https:\/\/earth4all.life\/germany\/wp-json\/wp\/v2\/pages\/9\/revisions\/275"}],"wp:attachment":[{"href":"https:\/\/earth4all.life\/germany\/wp-json\/wp\/v2\/media?parent=9"}],"curies":[{"name":"wp","href":"https:\/\/api.w.org\/{rel}","templated":true}]}}